{"id":417,"date":"2025-03-20T23:39:40","date_gmt":"2025-03-20T23:39:40","guid":{"rendered":"https:\/\/www.clubcampestremorelia.com.mx\/ccm3\/?page_id=417"},"modified":"2025-03-20T23:39:40","modified_gmt":"2025-03-20T23:39:40","slug":"inicio-2","status":"publish","type":"page","link":"https:\/\/www.clubcampestremorelia.com.mx\/ccm3\/inicio-2\/","title":{"rendered":"INICIO"},"content":{"rendered":"<div class=\"wp-block-image\"><figure class=\"aligncenter size-large\"><img loading=\"lazy\" decoding=\"async\" width=\"1024\" height=\"1024\" src=\"https:\/\/www.clubcampestremorelia.com.mx\/ccm3\/wp-content\/uploads\/2023\/12\/Imagen-de-WhatsApp-2023-12-01-a-las-17.33.19_baae075c-1024x1024.jpg\" alt=\"\" class=\"wp-image-424\" srcset=\"https:\/\/www.clubcampestremorelia.com.mx\/ccm3\/wp-content\/uploads\/2023\/12\/Imagen-de-WhatsApp-2023-12-01-a-las-17.33.19_baae075c-1024x1024.jpg 1024w, https:\/\/www.clubcampestremorelia.com.mx\/ccm3\/wp-content\/uploads\/2023\/12\/Imagen-de-WhatsApp-2023-12-01-a-las-17.33.19_baae075c-300x300.jpg 300w, https:\/\/www.clubcampestremorelia.com.mx\/ccm3\/wp-content\/uploads\/2023\/12\/Imagen-de-WhatsApp-2023-12-01-a-las-17.33.19_baae075c-100x100.jpg 100w, https:\/\/www.clubcampestremorelia.com.mx\/ccm3\/wp-content\/uploads\/2023\/12\/Imagen-de-WhatsApp-2023-12-01-a-las-17.33.19_baae075c-600x600.jpg 600w, https:\/\/www.clubcampestremorelia.com.mx\/ccm3\/wp-content\/uploads\/2023\/12\/Imagen-de-WhatsApp-2023-12-01-a-las-17.33.19_baae075c-150x150.jpg 150w, https:\/\/www.clubcampestremorelia.com.mx\/ccm3\/wp-content\/uploads\/2023\/12\/Imagen-de-WhatsApp-2023-12-01-a-las-17.33.19_baae075c-768x768.jpg 768w, https:\/\/www.clubcampestremorelia.com.mx\/ccm3\/wp-content\/uploads\/2023\/12\/Imagen-de-WhatsApp-2023-12-01-a-las-17.33.19_baae075c-624x624.jpg 624w, https:\/\/www.clubcampestremorelia.com.mx\/ccm3\/wp-content\/uploads\/2023\/12\/Imagen-de-WhatsApp-2023-12-01-a-las-17.33.19_baae075c.jpg 1200w\" sizes=\"auto, (max-width: 1024px) 100vw, 1024px\" \/><\/figure><\/div><p><\/p><p><\/p><p><\/p><p class=\"has-text-align-center\" style=\"font-size:86px\"><strong><span style=\"text-transform: uppercase;\" class=\"qubely-text-uppercase\"><mark style=\"background-color:rgba(0, 0, 0, 0)\" class=\"has-inline-color has-black-color\">MEMBRES\u00cdAS.<\/mark><\/span><\/strong><br><\/p><p class=\"has-text-align-center has-large-font-size\"><strong>  <span style=\"text-transform: uppercase;\" class=\"qubely-text-uppercase\">Al adquirir nuestra membres\u00eda: <\/span><\/strong><br><strong><span style=\"text-transform: uppercase;\" class=\"qubely-text-uppercase\">se dar\u00e1 acceso total a las instalaciones y amenidades del Club. <br>Tenemos todo para que la estancia se disfrute en todo momento.<\/span><\/strong><br><\/p><figure class=\"wp-block-image size-full\"><img loading=\"lazy\" decoding=\"async\" width=\"1920\" height=\"850\" src=\"http:\/\/www.clubcampestremorelia.com.mx\/ccm3\/wp-content\/uploads\/2019\/12\/CCM-BannerInstalaciones.png\" alt=\"\" class=\"wp-image-94\" srcset=\"https:\/\/www.clubcampestremorelia.com.mx\/ccm3\/wp-content\/uploads\/2019\/12\/CCM-BannerInstalaciones.png 1920w, https:\/\/www.clubcampestremorelia.com.mx\/ccm3\/wp-content\/uploads\/2019\/12\/CCM-BannerInstalaciones-600x266.png 600w, https:\/\/www.clubcampestremorelia.com.mx\/ccm3\/wp-content\/uploads\/2019\/12\/CCM-BannerInstalaciones-300x133.png 300w, https:\/\/www.clubcampestremorelia.com.mx\/ccm3\/wp-content\/uploads\/2019\/12\/CCM-BannerInstalaciones-1024x453.png 1024w, https:\/\/www.clubcampestremorelia.com.mx\/ccm3\/wp-content\/uploads\/2019\/12\/CCM-BannerInstalaciones-768x340.png 768w\" sizes=\"auto, (max-width: 1920px) 100vw, 1920px\" \/><\/figure><h2 class=\"wp-block-heading has-text-align-center\" style=\"font-size:83px\">\u00c1REAS DEPORTIVAS<\/h2><p class=\"has-text-align-center has-large-font-size\">Clases, Programas, Deportes y M\u00e1s<br>Todo incluido en nuestra membres\u00eda<\/p><h2 class=\"wp-block-heading has-text-align-center\">GOLF<\/h2><p>Campo de Golf con 13 trampas de arena y 9 hoyos<\/p><div class=\"wp-block-qubely-infobox qubely-block-a1d22e\"><div class=\"qubely-block-info-box  qubely-info-box-layout-1\"><div class=\"qubely-info-box-media qubely-media-has-bg\"><img decoding=\"async\" class=\"qubely-info-box-image\" src=\"http:\/\/www.clubcampestremorelia.com.mx\/ccm3\/wp-content\/uploads\/2019\/12\/CCM-Spinning-01-1.png\" srcset=\"\" alt=\"\"\/><\/div><div class=\"qubely-info-box-body\"><div class=\"qubely-info-box-title-container  qubely-separator-position-top\"><div class=\"qubely-info-box-title-inner\"><h2 class=\"qubely-info-box-title\">SPINNING<\/h2><\/div><\/div><div class=\"qubely-info-box-content\"><div class=\"qubely-info-box-text\">Indoor cycling con los mejores instructores<\/div><\/div><\/div><\/div><\/div>","protected":false},"excerpt":{"rendered":"<p>MEMBRES\u00cdAS. Al adquirir nuestra membres\u00eda: se dar\u00e1 acceso total a las instalaciones y amenidades del Club. Tenemos todo para que la estancia se disfrute en todo momento. \u00c1REAS DEPORTIVAS Clases, Programas, Deportes y M\u00e1sTodo incluido en nuestra membres\u00eda GOLF Campo de Golf con 13 trampas de arena y 9 hoyos<\/p>\n","protected":false},"author":1,"featured_media":0,"parent":0,"menu_order":0,"comment_status":"closed","ping_status":"closed","template":"","meta":{"qubely_global_settings":"","qubely_interactions":"","footnotes":""},"class_list":["post-417","page","type-page","status-publish","hentry"],"yoast_head":"<!-- This site is optimized with the Yoast SEO plugin v24.7 - https:\/\/yoast.com\/wordpress\/plugins\/seo\/ -->\n<title>INICIO - Club de Golf Campestre Morelia<\/title>\n<meta name=\"robots\" content=\"index, follow, max-snippet:-1, max-image-preview:large, max-video-preview:-1\" \/>\n<link rel=\"canonical\" href=\"https:\/\/www.clubcampestremorelia.com.mx\/ccm3\/inicio-2\/\" \/>\n<meta property=\"og:locale\" content=\"es_ES\" \/>\n<meta property=\"og:type\" content=\"article\" \/>\n<meta property=\"og:title\" content=\"INICIO - Club de Golf Campestre Morelia\" \/>\n<meta property=\"og:description\" content=\"MEMBRES\u00cdAS. Al adquirir nuestra membres\u00eda: se dar\u00e1 acceso total a las instalaciones y amenidades del Club. Tenemos todo para que la estancia se disfrute en todo momento. \u00c1REAS DEPORTIVAS Clases, Programas, Deportes y M\u00e1sTodo incluido en nuestra membres\u00eda GOLF Campo de Golf con 13 trampas de arena y 9 hoyos\" \/>\n<meta property=\"og:url\" content=\"https:\/\/www.clubcampestremorelia.com.mx\/ccm3\/inicio-2\/\" \/>\n<meta property=\"og:site_name\" content=\"Club de Golf Campestre Morelia\" \/>\n<meta property=\"article:publisher\" content=\"https:\/\/www.facebook.com\/campestre.morelia\" \/>\n<meta property=\"og:image\" content=\"https:\/\/www.clubcampestremorelia.com.mx\/ccm3\/wp-content\/uploads\/2023\/12\/Imagen-de-WhatsApp-2023-12-01-a-las-17.33.19_baae075c-1024x1024.jpg\" \/>\n<meta name=\"twitter:card\" content=\"summary_large_image\" \/>\n<meta name=\"twitter:label1\" content=\"Tiempo de lectura\" \/>\n\t<meta name=\"twitter:data1\" content=\"1 minuto\" \/>\n<script type=\"application\/ld+json\" class=\"yoast-schema-graph\">{\"@context\":\"https:\/\/schema.org\",\"@graph\":[{\"@type\":\"WebPage\",\"@id\":\"https:\/\/www.clubcampestremorelia.com.mx\/ccm3\/inicio-2\/\",\"url\":\"https:\/\/www.clubcampestremorelia.com.mx\/ccm3\/inicio-2\/\",\"name\":\"INICIO - Club de Golf Campestre Morelia\",\"isPartOf\":{\"@id\":\"http:\/\/www.clubcampestremorelia.com.mx\/ccm3\/#website\"},\"primaryImageOfPage\":{\"@id\":\"https:\/\/www.clubcampestremorelia.com.mx\/ccm3\/inicio-2\/#primaryimage\"},\"image\":{\"@id\":\"https:\/\/www.clubcampestremorelia.com.mx\/ccm3\/inicio-2\/#primaryimage\"},\"thumbnailUrl\":\"https:\/\/www.clubcampestremorelia.com.mx\/ccm3\/wp-content\/uploads\/2023\/12\/Imagen-de-WhatsApp-2023-12-01-a-las-17.33.19_baae075c-1024x1024.jpg\",\"datePublished\":\"2025-03-20T23:39:40+00:00\",\"breadcrumb\":{\"@id\":\"https:\/\/www.clubcampestremorelia.com.mx\/ccm3\/inicio-2\/#breadcrumb\"},\"inLanguage\":\"es\",\"potentialAction\":[{\"@type\":\"ReadAction\",\"target\":[\"https:\/\/www.clubcampestremorelia.com.mx\/ccm3\/inicio-2\/\"]}]},{\"@type\":\"ImageObject\",\"inLanguage\":\"es\",\"@id\":\"https:\/\/www.clubcampestremorelia.com.mx\/ccm3\/inicio-2\/#primaryimage\",\"url\":\"https:\/\/www.clubcampestremorelia.com.mx\/ccm3\/wp-content\/uploads\/2023\/12\/Imagen-de-WhatsApp-2023-12-01-a-las-17.33.19_baae075c.jpg\",\"contentUrl\":\"https:\/\/www.clubcampestremorelia.com.mx\/ccm3\/wp-content\/uploads\/2023\/12\/Imagen-de-WhatsApp-2023-12-01-a-las-17.33.19_baae075c.jpg\",\"width\":1200,\"height\":1200},{\"@type\":\"BreadcrumbList\",\"@id\":\"https:\/\/www.clubcampestremorelia.com.mx\/ccm3\/inicio-2\/#breadcrumb\",\"itemListElement\":[{\"@type\":\"ListItem\",\"position\":1,\"name\":\"Portada\",\"item\":\"http:\/\/www.clubcampestremorelia.com.mx\/ccm3\/\"},{\"@type\":\"ListItem\",\"position\":2,\"name\":\"INICIO\"}]},{\"@type\":\"WebSite\",\"@id\":\"http:\/\/www.clubcampestremorelia.com.mx\/ccm3\/#website\",\"url\":\"http:\/\/www.clubcampestremorelia.com.mx\/ccm3\/\",\"name\":\"Club de Golf Campestre Morelia\",\"description\":\"\",\"publisher\":{\"@id\":\"http:\/\/www.clubcampestremorelia.com.mx\/ccm3\/#organization\"},\"potentialAction\":[{\"@type\":\"SearchAction\",\"target\":{\"@type\":\"EntryPoint\",\"urlTemplate\":\"http:\/\/www.clubcampestremorelia.com.mx\/ccm3\/?s={search_term_string}\"},\"query-input\":{\"@type\":\"PropertyValueSpecification\",\"valueRequired\":true,\"valueName\":\"search_term_string\"}}],\"inLanguage\":\"es\"},{\"@type\":\"Organization\",\"@id\":\"http:\/\/www.clubcampestremorelia.com.mx\/ccm3\/#organization\",\"name\":\"Club de Golf Campestre Morelia\",\"url\":\"http:\/\/www.clubcampestremorelia.com.mx\/ccm3\/\",\"logo\":{\"@type\":\"ImageObject\",\"inLanguage\":\"es\",\"@id\":\"http:\/\/www.clubcampestremorelia.com.mx\/ccm3\/#\/schema\/logo\/image\/\",\"url\":\"http:\/\/www.clubcampestremorelia.com.mx\/ccm3\/wp-content\/uploads\/2019\/12\/CCM-LogoTransp-1.png\",\"contentUrl\":\"http:\/\/www.clubcampestremorelia.com.mx\/ccm3\/wp-content\/uploads\/2019\/12\/CCM-LogoTransp-1.png\",\"width\":932,\"height\":871,\"caption\":\"Club de Golf Campestre Morelia\"},\"image\":{\"@id\":\"http:\/\/www.clubcampestremorelia.com.mx\/ccm3\/#\/schema\/logo\/image\/\"},\"sameAs\":[\"https:\/\/www.facebook.com\/campestre.morelia\",\"https:\/\/www.instagram.com\/clubcampestremrl\/\"]}]}<\/script>\n<!-- \/ Yoast SEO plugin. -->","yoast_head_json":{"title":"INICIO - Club de Golf Campestre Morelia","robots":{"index":"index","follow":"follow","max-snippet":"max-snippet:-1","max-image-preview":"max-image-preview:large","max-video-preview":"max-video-preview:-1"},"canonical":"https:\/\/www.clubcampestremorelia.com.mx\/ccm3\/inicio-2\/","og_locale":"es_ES","og_type":"article","og_title":"INICIO - Club de Golf Campestre Morelia","og_description":"MEMBRES\u00cdAS. Al adquirir nuestra membres\u00eda: se dar\u00e1 acceso total a las instalaciones y amenidades del Club. Tenemos todo para que la estancia se disfrute en todo momento. \u00c1REAS DEPORTIVAS Clases, Programas, Deportes y M\u00e1sTodo incluido en nuestra membres\u00eda GOLF Campo de Golf con 13 trampas de arena y 9 hoyos","og_url":"https:\/\/www.clubcampestremorelia.com.mx\/ccm3\/inicio-2\/","og_site_name":"Club de Golf Campestre Morelia","article_publisher":"https:\/\/www.facebook.com\/campestre.morelia","og_image":[{"url":"https:\/\/www.clubcampestremorelia.com.mx\/ccm3\/wp-content\/uploads\/2023\/12\/Imagen-de-WhatsApp-2023-12-01-a-las-17.33.19_baae075c-1024x1024.jpg","type":"","width":"","height":""}],"twitter_card":"summary_large_image","twitter_misc":{"Tiempo de lectura":"1 minuto"},"schema":{"@context":"https:\/\/schema.org","@graph":[{"@type":"WebPage","@id":"https:\/\/www.clubcampestremorelia.com.mx\/ccm3\/inicio-2\/","url":"https:\/\/www.clubcampestremorelia.com.mx\/ccm3\/inicio-2\/","name":"INICIO - Club de Golf Campestre Morelia","isPartOf":{"@id":"http:\/\/www.clubcampestremorelia.com.mx\/ccm3\/#website"},"primaryImageOfPage":{"@id":"https:\/\/www.clubcampestremorelia.com.mx\/ccm3\/inicio-2\/#primaryimage"},"image":{"@id":"https:\/\/www.clubcampestremorelia.com.mx\/ccm3\/inicio-2\/#primaryimage"},"thumbnailUrl":"https:\/\/www.clubcampestremorelia.com.mx\/ccm3\/wp-content\/uploads\/2023\/12\/Imagen-de-WhatsApp-2023-12-01-a-las-17.33.19_baae075c-1024x1024.jpg","datePublished":"2025-03-20T23:39:40+00:00","breadcrumb":{"@id":"https:\/\/www.clubcampestremorelia.com.mx\/ccm3\/inicio-2\/#breadcrumb"},"inLanguage":"es","potentialAction":[{"@type":"ReadAction","target":["https:\/\/www.clubcampestremorelia.com.mx\/ccm3\/inicio-2\/"]}]},{"@type":"ImageObject","inLanguage":"es","@id":"https:\/\/www.clubcampestremorelia.com.mx\/ccm3\/inicio-2\/#primaryimage","url":"https:\/\/www.clubcampestremorelia.com.mx\/ccm3\/wp-content\/uploads\/2023\/12\/Imagen-de-WhatsApp-2023-12-01-a-las-17.33.19_baae075c.jpg","contentUrl":"https:\/\/www.clubcampestremorelia.com.mx\/ccm3\/wp-content\/uploads\/2023\/12\/Imagen-de-WhatsApp-2023-12-01-a-las-17.33.19_baae075c.jpg","width":1200,"height":1200},{"@type":"BreadcrumbList","@id":"https:\/\/www.clubcampestremorelia.com.mx\/ccm3\/inicio-2\/#breadcrumb","itemListElement":[{"@type":"ListItem","position":1,"name":"Portada","item":"http:\/\/www.clubcampestremorelia.com.mx\/ccm3\/"},{"@type":"ListItem","position":2,"name":"INICIO"}]},{"@type":"WebSite","@id":"http:\/\/www.clubcampestremorelia.com.mx\/ccm3\/#website","url":"http:\/\/www.clubcampestremorelia.com.mx\/ccm3\/","name":"Club de Golf Campestre Morelia","description":"","publisher":{"@id":"http:\/\/www.clubcampestremorelia.com.mx\/ccm3\/#organization"},"potentialAction":[{"@type":"SearchAction","target":{"@type":"EntryPoint","urlTemplate":"http:\/\/www.clubcampestremorelia.com.mx\/ccm3\/?s={search_term_string}"},"query-input":{"@type":"PropertyValueSpecification","valueRequired":true,"valueName":"search_term_string"}}],"inLanguage":"es"},{"@type":"Organization","@id":"http:\/\/www.clubcampestremorelia.com.mx\/ccm3\/#organization","name":"Club de Golf Campestre Morelia","url":"http:\/\/www.clubcampestremorelia.com.mx\/ccm3\/","logo":{"@type":"ImageObject","inLanguage":"es","@id":"http:\/\/www.clubcampestremorelia.com.mx\/ccm3\/#\/schema\/logo\/image\/","url":"http:\/\/www.clubcampestremorelia.com.mx\/ccm3\/wp-content\/uploads\/2019\/12\/CCM-LogoTransp-1.png","contentUrl":"http:\/\/www.clubcampestremorelia.com.mx\/ccm3\/wp-content\/uploads\/2019\/12\/CCM-LogoTransp-1.png","width":932,"height":871,"caption":"Club de Golf Campestre Morelia"},"image":{"@id":"http:\/\/www.clubcampestremorelia.com.mx\/ccm3\/#\/schema\/logo\/image\/"},"sameAs":["https:\/\/www.facebook.com\/campestre.morelia","https:\/\/www.instagram.com\/clubcampestremrl\/"]}]}},"_links":{"self":[{"href":"https:\/\/www.clubcampestremorelia.com.mx\/ccm3\/wp-json\/wp\/v2\/pages\/417","targetHints":{"allow":["GET"]}}],"collection":[{"href":"https:\/\/www.clubcampestremorelia.com.mx\/ccm3\/wp-json\/wp\/v2\/pages"}],"about":[{"href":"https:\/\/www.clubcampestremorelia.com.mx\/ccm3\/wp-json\/wp\/v2\/types\/page"}],"author":[{"embeddable":true,"href":"https:\/\/www.clubcampestremorelia.com.mx\/ccm3\/wp-json\/wp\/v2\/users\/1"}],"replies":[{"embeddable":true,"href":"https:\/\/www.clubcampestremorelia.com.mx\/ccm3\/wp-json\/wp\/v2\/comments?post=417"}],"version-history":[{"count":1,"href":"https:\/\/www.clubcampestremorelia.com.mx\/ccm3\/wp-json\/wp\/v2\/pages\/417\/revisions"}],"predecessor-version":[{"id":472,"href":"https:\/\/www.clubcampestremorelia.com.mx\/ccm3\/wp-json\/wp\/v2\/pages\/417\/revisions\/472"}],"wp:attachment":[{"href":"https:\/\/www.clubcampestremorelia.com.mx\/ccm3\/wp-json\/wp\/v2\/media?parent=417"}],"curies":[{"name":"wp","href":"https:\/\/api.w.org\/{rel}","templated":true}]}}